{"id":783,"date":"2012-01-19T01:16:03","date_gmt":"2012-01-18T23:16:03","guid":{"rendered":"http:\/\/www.juristenkoffer.de\/rechtsreferendariat\/?page_id=783"},"modified":"2026-04-13T16:40:45","modified_gmt":"2026-04-13T14:40:45","slug":"praedikatsexamina","status":"publish","type":"page","link":"https:\/\/www.juristenkoffer.de\/rechtsreferendariat\/praedikatsexamina\/","title":{"rendered":"Anzahl an Pr\u00e4dikatsexamina im 2. Examen"},"content":{"rendered":"<p>Ebenfalls wichtig f\u00fcr die Entscheidung, wo man das Referendariat ableisten m\u00f6chte, sind auch die Aussichten, mit einem Pr\u00e4dikat das 2. Staatsexamen abzuschlie\u00dfen. Unter einem Pr\u00e4dikatsexamen sind im folgenden alle Examen zu verstehen, die mit &#8222;vollbefriedigend&#8220; oder besser bestanden wurden; das &#8222;kleine Pr\u00e4dikat&#8220; der Bayern und Sachsen (&#8222;befriedigend&#8220;) haben wir nicht ber\u00fccksichtigt.<\/p>\n<p>Die folgende Grafik zeigt, dass es hinsichtlich der Pr\u00e4dikatsexamina &#8211; wie auch bei den Durchfallquoten &#8211;\u00a0deutliche Unterschiede zwischen den L\u00e4ndern gibt:<\/p>\n<p><span style=\"color: #ffffff;\">.<\/span><span style=\"color: #ffffff;\">.<\/span><\/p>\n<iframe id=\"m-chart-container-3329-1\"\n\tclass=\"m-chart-iframe\" width=\"100%\" height=\"601\"\n\tsrc=\"https:\/\/www.juristenkoffer.de\/rechtsreferendariat\/chart\/praedikatsexamina-in-prozent\/embed\/?show=chart&width=responsive&share\" frameborder=\"0\"><\/iframe>\n\t\t\n<p>In Hamburg werden mit Abstand die meisten Pr\u00e4dikatsexamina vergeben. Ganz hinten liegen in dieser Statistik die Bundesl\u00e4nder Saarland, Rheinland-Pfalz und Schleswig-Holstein, wo es die Referendare prozentual gesehen am schwierigsten haben, das 2. Examen mit einem Pr\u00e4dikat zu bestehen.<\/p>\n<p>Die Entwicklung der Durchfallquoten sowie der Anzahl an Pr\u00e4dikatsexamina (jeweils der letzten 10 Jahre) haben wir euch auf den \u00dcbersichtsseiten der einzelnen L\u00e4nder grafisch dargestellt.<\/p>\n<p><span style=\"color: #ffffff;\">.<\/span><\/p>\n<p><em>Wie wichtig ist ein Pr\u00e4dikatsexamen?<\/em><\/p>\n<p>Eines vorab: Schafft man im zweiten Staatsexamen ein Pr\u00e4dikat, das hei\u00dft schlie\u00dft man das Examen mit der Note vollbefriedigend oder besser ab, ist das nichts anderes als eine Jobgarantie!<\/p>\n<p>Ob man zwingend ein oder sogar zwei Pr\u00e4dikatsexamina braucht, h\u00e4ngt nat\u00fcrlich ma\u00dfgeblich vom Jobwunsch ab. Gro\u00dfkanzleien und spezialisierte Boutiquen, die traumhafte Einstiegsgeh\u00e4lter von 100.000 Euro und mehr zahlen, propagieren immer noch das viel beschworene Doppelpr\u00e4dikat als Bewerbungs- und Einstellungsvoraussetzung. Hinter vorgehaltener Hand erf\u00e4hrt man dann aber doch, dass dies nicht zwingend der Fall sein muss, um in einer solchen Kanzlei einsteigen zu k\u00f6nnen. Weist man alternative Qualifikationen auf (LL.M. oder Promotion), kann man es auch mit &#8222;nur&#8220; einem Pr\u00e4dikatsexamen schaffen. Auch in den Staatsdienst als Richter oder Staatsanwalt schafft man es derzeit in einigen Bundesl\u00e4ndern, wenn man das Pr\u00e4dikat im 2. Examen verpasst hat. Insofern verweisen wir auf unsere ausf\u00fchrlichen <a href=\"https:\/\/www.juristenkoffer.de\/richter\/\">Infoseiten zu den Einstellungsvoraussetzungen als Richter und Staatsanwalt<\/a>, die wir regelm\u00e4\u00dfig aktualisieren.<\/p>\n<p>Insgesamt muss man sagen, dass der Arbeitsmarkt im juristischen Bereich &#8211; anders als noch vor ca. 10 Jahren &#8211; \u00e4u\u00dferst arbeitnehmerfreundlich ist. Die Zahl der auf den Arbeitsmarkt str\u00f6menden Volljuristen sinkt von Jahr zu Jahr. Kanzleien und Unternehmen buhlen offensiv um den juristischen Nachwuchs. Erreicht man ein &#8222;befriedigend&#8220; im 2. Examen, hat man gute Karten bei der Jobwahl. Schafft man lediglich ein &#8222;ausreichend&#8220;, kann man sich wahrscheinlich nicht mehr den Job aussuchen; Existenzangst braucht man aber auch dann keine zu haben!<\/p>\n","protected":false},"excerpt":{"rendered":"<p>Ebenfalls wichtig f\u00fcr die Entscheidung, wo man das Referendariat ableisten m\u00f6chte, sind auch die Aussichten, mit einem Pr\u00e4dikat das 2. Staatsexamen abzuschlie\u00dfen. Unter einem Pr\u00e4dikatsexamen sind im folgenden alle Examen zu verstehen, die mit &#8222;vollbefriedigend&#8220; oder besser bestanden wurden; das &#8222;kleine Pr\u00e4dikat&#8220; der Bayern und Sachsen (&#8222;befriedigend&#8220;) haben wir nicht ber\u00fccksichtigt. Die folgende Grafik zeigt, [&hellip;]<\/p>\n","protected":false},"author":1,"featured_media":0,"parent":0,"menu_order":0,"comment_status":"open","ping_status":"open","template":"","meta":[],"_links":{"self":[{"href":"https:\/\/www.juristenkoffer.de\/rechtsreferendariat\/wp-json\/wp\/v2\/pages\/783"}],"collection":[{"href":"https:\/\/www.juristenkoffer.de\/rechtsreferendariat\/wp-json\/wp\/v2\/pages"}],"about":[{"href":"https:\/\/www.juristenkoffer.de\/rechtsreferendariat\/wp-json\/wp\/v2\/types\/page"}],"author":[{"embeddable":true,"href":"https:\/\/www.juristenkoffer.de\/rechtsreferendariat\/wp-json\/wp\/v2\/users\/1"}],"replies":[{"embeddable":true,"href":"https:\/\/www.juristenkoffer.de\/rechtsreferendariat\/wp-json\/wp\/v2\/comments?post=783"}],"version-history":[{"count":32,"href":"https:\/\/www.juristenkoffer.de\/rechtsreferendariat\/wp-json\/wp\/v2\/pages\/783\/revisions"}],"predecessor-version":[{"id":3908,"href":"https:\/\/www.juristenkoffer.de\/rechtsreferendariat\/wp-json\/wp\/v2\/pages\/783\/revisions\/3908"}],"wp:attachment":[{"href":"https:\/\/www.juristenkoffer.de\/rechtsreferendariat\/wp-json\/wp\/v2\/media?parent=783"}],"curies":[{"name":"wp","href":"https:\/\/api.w.org\/{rel}","templated":true}]}}